{"id":102,"date":"2024-05-21T00:40:51","date_gmt":"2024-05-20T22:40:51","guid":{"rendered":"https:\/\/markmaslov23.thkit.ee\/wp\/?page_id=102"},"modified":"2024-05-21T02:42:20","modified_gmt":"2024-05-21T00:42:20","slug":"102-2","status":"publish","type":"page","link":"https:\/\/markmaslov23.thkit.ee\/wp\/102-2\/","title":{"rendered":"Ankeet"},"content":{"rendered":"\n<!DOCTYPE html>\n<html lang=\"en\">\n<head>\n    <meta charset=\"UTF-8\">\n    <title>\u00d5pilase ankeet tabelina<\/title>\n    <link rel=\"stylesheet\" type=\"text\/css\" href=\"anketStyle.css\">\n<\/head>\n<body>\n<h1>\u00d5pilase ankeet tabelina<\/h1>\n<form>\n    <table border=\"1\">\n        <tr>\n            <td>\n              <label for=\"nimi\">Sisesta nimi:<\/label>\n            <\/td>\n            <td>\n              <input type=\"text\" id=\"nimi\" name=\"nimi\" placeholder=\"Eesnimi\" oninput=\"sisestaNimi()\">\n              <div id=\"vastus\"><\/div>\n            <\/td>\n        <\/tr>\n        <tr>\n            <td>\n                <strong>Vali tehtud kursus:<\/strong>\n            <\/td>\n            <td>\n                <input type=\"checkbox\" id=\"kurs1\" value=\"1.kursus\">\n                <label for=\"kurs1\">1.kursus<\/label>\n                <br>\n                <input type=\"checkbox\" id=\"kurs2\" value=\"2.kursus\">\n                <label for=\"kurs2\">2.kursus<\/label>\n                <br>\n                <input type=\"checkbox\" id=\"kurs3\" value=\"3.kursus\">\n                <label for=\"kurs3\">3.kursus<\/label>\n                <br>\n            <\/td>\n        <\/tr>\n        <tr>\n\n        <\/tr>\n      <tr>\n            <td>\n                <strong>Eriala:<\/strong>\n            <\/td>\n        <td>\n            <input type=\"radio\" id=\"it\" value=\"IT\" name=\"eriala\">\n            <label for=\"it\">Infotehnologia<\/label>\n            <br>\n            <input type=\"radio\" id=\"juuksur\" value=\"juuksur\" name=\"eriala\">\n            <label for=\"juuksur\">Juuksur<\/label>\n            <br>\n            <input type=\"radio\" id=\"meh\" value=\"Meh\" name=\"eriala\">\n            <label for=\"meh\">Mehhatroonika<\/label>\n            <br>\n            <input type=\"radio\" id=\"ratsep\" value=\"R\u00e4tsep\" name=\"eriala\">\n            <label for=\"ratsep\">R\u00e4tsep<\/label>\n            <br>\n        <\/td>\n      <\/tr>\n      <tr>\n\n      <\/tr>\n        <tr>\n            <td>\n                <strong>Millal sa s\u00fcndisid?<\/strong>\n            <\/td>\n            <td>\n                <input type=\"date\">\n                <br>\n            <\/td>\n        <\/tr>\n        <tr>\n\n        <\/tr>\n        <tr>\n            <td>\n                <strong>Sisestage oma email<\/strong>\n            <\/td>\n            <td>\n                <input type=\"email\">\n                <br>\n            <\/td>\n        <\/tr>\n        <tr>\n\n        <\/tr>\n\n        <tr>\n            <td>\n                <strong>sinu lemmikv\u00e4rv<\/strong>\n            <\/td>\n            <td>\n                <input type=\"color\">\n                <br>\n            <\/td>\n        <\/tr>\n\n        <tr>\n            <td>\n                <strong>Sisesta oma telefoninumber<\/strong>\n            <\/td>\n            <td>\n                <input type=\"tel\">\n                <br>\n            <\/td>\n        <\/tr>\n\n        <tr>\n            <td>\n                <strong>Mis on sinu lemmiktund?<\/strong>\n            <\/td>\n            <td>\n                <input type=\"radio\" id=\"matemaatika\" value=\"Matemaatika\" name=\"lemmiktund\">\n                <label for=\"matemaatika\">Matemaatika<\/label>\n                <br>\n                <input type=\"radio\" id=\"inglisekeel\" value=\"Inglisekeel\" name=\"lemmiktund\">\n                <label for=\"inglisekeel\">Inglise keel<\/label>\n                <br>\n                <input type=\"radio\" id=\"kunst\" value=\"Kunst\" name=\"lemmiktund\">\n                <label for=\"kunst\">Kunst<\/label>\n                <br>\n                <input type=\"radio\" id=\"fuusika\" value=\"F\u00fc\u00fcsika\" name=\"lemmiktund\">\n                <label for=\"fuusika\">F\u00fc\u00fcsika<\/label>\n                <br>\n                <input type=\"radio\" id=\"kehalisekasvatus\" value=\"Kehalise kasvatus\" name=\"lemmiktund\">\n                <label for=\"kehalisekasvatus\">Kehalise kasvatus<\/label>\n                <br>\n            <\/td>\n        <\/tr>\n\n        <tr>\n            <td>\n                <strong>Kui vana sa oled?<\/strong>\n            <\/td>\n            <td>\n                <input type=\"number\">\n                <br>\n            <\/td>\n        <\/tr>\n\n        <tr>\n            <td>\n                <strong>Kirjuta ennast:<\/strong>\n            <\/td>\n            <td>\n                <textarea id=\"kiri\">\n\n    <\/textarea>\n                <br>\n            <\/td>\n        <\/tr>\n\n        <tr>\n            <td>\n                <label for=\"linn\">Elukoht:<\/label>\n            <\/td>\n            <td>\n                <select name=\"linn\" id=\"linn\">\n                    <option value=\"vali\">Palun vali&#8230;..<\/option>\n                    <option value=\"Tallinn\">Tallinn<\/option>\n                    <option value=\"Tartu\">Tartu<\/option>\n                    <option value=\"Narva\">Narva<\/option>\n                    <option value=\"Paide\">Paide<\/option>\n                    <option value=\"Keila\">Keila<\/option>\n                <\/select>\n                <br>\n            <\/td>\n        <\/tr>\n\n        <tr>\n            <td>\n                <input type=\"button\" value=\"Salvesta\">\n                <input type=\"reset\" value=\"Puhasta\">\n            <\/td>\n            <td>\n                <br>\n            <\/td>\n        <\/tr>\n\n\n\n\n<\/form>\n<\/body>\n<\/html>\n\n\n\n<style>\nh1{\n    \n}\ninput[type=text] {\n    width: 100%;\n    padding: 12px 20px;\n    margin: 8px 0;\n    box-sizing: border-box;\n}\ninput[type=text]:focus {\n    background-color: lightcyan;\n    border: 2px solid red;\n    border-radius: 4px;\n}\ntextarea {\n    width: 100%;\n    height: 150px;\n    padding: 12px 20px;\n    box-sizing: border-box;\n    border: 2px solid #ccc;\n    border-radius: 4px;\n    background-color: #f8f8f8;\n    resize: none;\n}\n<\/style>\n","protected":false},"excerpt":{"rendered":"<p>\u00d5pilase ankeet tabelina \u00d5pilase ankeet tabelina Sisesta nimi: Vali tehtud kursus: 1.kursus 2.kursus 3.kursus Eriala: Infotehnologia Juuksur Mehhatroonika R\u00e4tsep Millal sa s\u00fcndisid? Sisestage oma email sinu lemmikv\u00e4rv Sisesta oma telefoninumber Mis on sinu lemmiktund? Matemaatika Inglise keel Kunst F\u00fc\u00fcsika Kehalise kasvatus Kui vana sa oled? Kirjuta ennast: Elukoht: Palun vali&#8230;..TallinnTartuNarvaPaideKeila<\/p>\n","protected":false},"author":1,"featured_media":0,"parent":0,"menu_order":0,"comment_status":"closed","ping_status":"closed","template":"","meta":{"footnotes":""},"class_list":["post-102","page","type-page","status-publish","hentry"],"_links":{"self":[{"href":"https:\/\/markmaslov23.thkit.ee\/wp\/wp-json\/wp\/v2\/pages\/102","targetHints":{"allow":["GET"]}}],"collection":[{"href":"https:\/\/markmaslov23.thkit.ee\/wp\/wp-json\/wp\/v2\/pages"}],"about":[{"href":"https:\/\/markmaslov23.thkit.ee\/wp\/wp-json\/wp\/v2\/types\/page"}],"author":[{"embeddable":true,"href":"https:\/\/markmaslov23.thkit.ee\/wp\/wp-json\/wp\/v2\/users\/1"}],"replies":[{"embeddable":true,"href":"https:\/\/markmaslov23.thkit.ee\/wp\/wp-json\/wp\/v2\/comments?post=102"}],"version-history":[{"count":8,"href":"https:\/\/markmaslov23.thkit.ee\/wp\/wp-json\/wp\/v2\/pages\/102\/revisions"}],"predecessor-version":[{"id":119,"href":"https:\/\/markmaslov23.thkit.ee\/wp\/wp-json\/wp\/v2\/pages\/102\/revisions\/119"}],"wp:attachment":[{"href":"https:\/\/markmaslov23.thkit.ee\/wp\/wp-json\/wp\/v2\/media?parent=102"}],"curies":[{"name":"wp","href":"https:\/\/api.w.org\/{rel}","templated":true}]}}