{"id":241,"date":"2025-05-27T09:35:51","date_gmt":"2025-05-27T07:35:51","guid":{"rendered":"https:\/\/markmaslov23.thkit.ee\/wp\/?page_id=241"},"modified":"2025-05-27T10:05:13","modified_gmt":"2025-05-27T08:05:13","slug":"sql-trigerid","status":"publish","type":"page","link":"https:\/\/markmaslov23.thkit.ee\/wp\/sql-trigerid\/","title":{"rendered":"SQL Trigerid"},"content":{"rendered":"\n<div class=\"wp-block-columns is-layout-flex wp-container-core-columns-is-layout-28f84493 wp-block-columns-is-layout-flex\">\n<div class=\"wp-block-column is-layout-flow wp-block-column-is-layout-flow\" style=\"flex-basis:100%\"><\/div>\n<\/div>\n\n\n\n<p>Tabelid loomine<\/p>\n\n\n\n<div class=\"wp-block-columns is-layout-flex wp-container-core-columns-is-layout-28f84493 wp-block-columns-is-layout-flex\">\n<div class=\"wp-block-column is-layout-flow wp-block-column-is-layout-flow\" style=\"flex-basis:100%\">\n<figure class=\"wp-block-image\"><img decoding=\"async\" src=\"https:\/\/lh7-rt.googleusercontent.com\/docsz\/AD_4nXf1MnbnHEky8gitoJzaxoGhqqZt4qCD9KkP5lNUsC5ssJ3W9rctm3xt1434h0nX7417RgsN8F0lhacmZzSwlScj-pcAeAhJd5CRmB3qh5tTJppMCRNxM6RNjQX1uOeawnuhqspVSg?key=AIiHXaskEOw8lfngVI8WlA\" alt=\"\"\/><\/figure>\n<\/div>\n<\/div>\n\n\n\n<div class=\"wp-block-columns is-layout-flex wp-container-core-columns-is-layout-28f84493 wp-block-columns-is-layout-flex\">\n<div class=\"wp-block-column is-layout-flow wp-block-column-is-layout-flow\" style=\"flex-basis:100%\">\n<figure class=\"wp-block-image\"><img decoding=\"async\" src=\"https:\/\/lh7-rt.googleusercontent.com\/docsz\/AD_4nXe4vvJ2s3Oe8pr_xbZDTlWLaB0eF3As7UhAXm6HtJd1cw5B87BpVluLndI6LJSN7-7pscHx3ehbG4hg_u7al1P5oWG7QgRZD7pZDA60OQFtvrYCb8q4ShVRjlgS5MXxXQ5OMRPV7g?key=AIiHXaskEOw8lfngVI8WlA\" alt=\"\"\/><\/figure>\n<\/div>\n<\/div>\n\n\n\n<div class=\"wp-block-columns is-layout-flex wp-container-core-columns-is-layout-28f84493 wp-block-columns-is-layout-flex\">\n<div class=\"wp-block-column is-layout-flow wp-block-column-is-layout-flow\" style=\"flex-basis:100%\">\n<figure class=\"wp-block-gallery has-nested-images columns-default is-cropped wp-block-gallery-1 is-layout-flex wp-block-gallery-is-layout-flex\">\n<figure class=\"wp-block-image\"><img decoding=\"async\" src=\"https:\/\/lh7-rt.googleusercontent.com\/docsz\/AD_4nXfI6rt0QhhOfnEPQG_COFa5cMt9wg16ezIpHzuSvKv7SX8UwbGLoeHqxHdKwxvPGypyYK6JJipAdxf8A3VHXweV7IwpPG1DWasG1fJJgmBpD9b03flouuq5IhQUtnP8A4Z0wigh_g?key=AIiHXaskEOw8lfngVI8WlA\" alt=\"\"\/><\/figure>\n<\/figure>\n<\/div>\n<\/div>\n\n\n\n<div class=\"wp-block-columns is-layout-flex wp-container-core-columns-is-layout-28f84493 wp-block-columns-is-layout-flex\">\n<div class=\"wp-block-column is-layout-flow wp-block-column-is-layout-flow\" style=\"flex-basis:100%\">\n<figure class=\"wp-block-image\"><img decoding=\"async\" src=\"https:\/\/lh7-rt.googleusercontent.com\/docsz\/AD_4nXcwz5G8FL7RwpJphIqcLQAqAxt9Opl1IuAth4qcFmoL-DEtMMWRtallecbQQSBxhmvgaR1bktuGQuaa1HK_GbeRlS0bxTOpsFIh5ZsN1dZFO7V1iRaz74OUIi-gM2dSUPPyzyDc4w?key=AIiHXaskEOw8lfngVI8WlA\" alt=\"\"\/><\/figure>\n<\/div>\n<\/div>\n\n\n\n<div class=\"wp-block-columns is-layout-flex wp-container-core-columns-is-layout-28f84493 wp-block-columns-is-layout-flex\">\n<div class=\"wp-block-column is-layout-flow wp-block-column-is-layout-flow\" style=\"flex-basis:100%\">\n<figure class=\"wp-block-gallery has-nested-images columns-default is-cropped wp-block-gallery-2 is-layout-flex wp-block-gallery-is-layout-flex\">\n<figure class=\"wp-block-image\"><img decoding=\"async\" src=\"https:\/\/lh7-rt.googleusercontent.com\/docsz\/AD_4nXf-t5K9egas7GpcQ4w36YorUiRrI7qdj35FaCXEvkCIDVnjkjdRxHGDcrmD4o_QHqsySFB6nLplv-64NtB1UNFU10eq6E82d0sKV7c4tOtwtpfwFMUuSSr9iQHOVuSFceYj_ejR?key=AIiHXaskEOw8lfngVI8WlA\" alt=\"\"\/><\/figure>\n<\/figure>\n<\/div>\n<\/div>\n\n\n\n<div class=\"wp-block-columns is-layout-flex wp-container-core-columns-is-layout-28f84493 wp-block-columns-is-layout-flex\">\n<div class=\"wp-block-column is-layout-flow wp-block-column-is-layout-flow\" style=\"flex-basis:100%\">\n<figure class=\"wp-block-image\"><img decoding=\"async\" src=\"https:\/\/lh7-rt.googleusercontent.com\/docsz\/AD_4nXc8hIDEPXi3OeteNakARHjN-FmKFOqfxk7MVnkXuK95aDFX70SKm3dFrOSw4KdXeFUXB3eIvl8zAaFs1kw5EvNKJmm-V8hmKYvUWvmmHB75vdr2Az4VyswDoD3lpY_8OAaeaeny?key=AIiHXaskEOw8lfngVI8WlA\" alt=\"\"\/><\/figure>\n<\/div>\n<\/div>\n\n\n\n<p>1-3 punkt<\/p>\n\n\n\n<div class=\"wp-block-columns is-layout-flex wp-container-core-columns-is-layout-28f84493 wp-block-columns-is-layout-flex\">\n<div class=\"wp-block-column is-layout-flow wp-block-column-is-layout-flow\" style=\"flex-basis:100%\">\n<figure class=\"wp-block-image\"><img decoding=\"async\" src=\"https:\/\/lh7-rt.googleusercontent.com\/docsz\/AD_4nXdZmcylN8KzeS62juOBK_JMS7HYW70l1UJxzm47Tb9y9FDRX8P0pBnF1FGMVws9j6rVSx5_RbFkB-Jm3e99pWROvEBR68n6dtX6VJt5pNh3CNGTyZcO_kZGNpjwX6YNzjipZ1fXsQ?key=AIiHXaskEOw8lfngVI8WlA\" alt=\"\"\/><\/figure>\n<\/div>\n<\/div>\n\n\n\n<div class=\"wp-block-columns is-layout-flex wp-container-core-columns-is-layout-28f84493 wp-block-columns-is-layout-flex\">\n<div class=\"wp-block-column is-layout-flow wp-block-column-is-layout-flow\" style=\"flex-basis:100%\">\n<figure class=\"wp-block-image\"><img decoding=\"async\" src=\"https:\/\/lh7-rt.googleusercontent.com\/docsz\/AD_4nXey-HPZbP1YOSvrpV6LhOFHyFlH0nuDMnp_M4d17mFPeG0HnzxPsi7X2LCq0eodSB2SZG3MMh04OgQbsljJSemDWYnkFOw4TyialHtFH4EH0HZdg1EePyY8qm6SWNZt9d4wkkWNmQ?key=AIiHXaskEOw8lfngVI8WlA\" alt=\"\"\/><\/figure>\n<\/div>\n<\/div>\n\n\n\n<div class=\"wp-block-columns is-layout-flex wp-container-core-columns-is-layout-28f84493 wp-block-columns-is-layout-flex\">\n<div class=\"wp-block-column is-layout-flow wp-block-column-is-layout-flow\" style=\"flex-basis:100%\">\n<figure class=\"wp-block-image\"><img decoding=\"async\" src=\"https:\/\/lh7-rt.googleusercontent.com\/docsz\/AD_4nXczKdl-eMep6dDcLiBgT3yhC_ckOraARsLX2xN9TmxJueioVlWB_Nh-oRdZ4mfYVc8DJ8fed_7Bp0aNGTRCjLtW9M1XO_lOlCT_iuSvVVM8WPuIqpC1F8rR74lLzr7JhWWHrGbHwQ?key=AIiHXaskEOw8lfngVI8WlA\" alt=\"\"\/><\/figure>\n<\/div>\n<\/div>\n\n\n\n<p>4-6 punkt<\/p>\n\n\n\n<div class=\"wp-block-columns is-layout-flex wp-container-core-columns-is-layout-28f84493 wp-block-columns-is-layout-flex\">\n<div class=\"wp-block-column is-layout-flow wp-block-column-is-layout-flow\" style=\"flex-basis:100%\">\n<figure class=\"wp-block-image\"><img decoding=\"async\" src=\"https:\/\/lh7-rt.googleusercontent.com\/docsz\/AD_4nXdAo3eHw6rI2a3nrnaMHeI_dxvcjQ830XkH5F9W2TaJIXsJYIFxlKLbKsH6aI7oASIjfASlgQ0WVLEqGPN593glIj_hmZnhNiPWh4U8upYJp8uRsaz42alAh7E44NDymjQpVMtXBw?key=AIiHXaskEOw8lfngVI8WlA\" alt=\"\"\/><\/figure>\n<\/div>\n<\/div>\n\n\n\n<div class=\"wp-block-columns is-layout-flex wp-container-core-columns-is-layout-28f84493 wp-block-columns-is-layout-flex\">\n<div class=\"wp-block-column is-layout-flow wp-block-column-is-layout-flow\" style=\"flex-basis:100%\">\n<figure class=\"wp-block-image\"><img decoding=\"async\" src=\"https:\/\/lh7-rt.googleusercontent.com\/docsz\/AD_4nXclAbwnZAo8Q97U8z5MdCBdl9BIxldaQrO-ze5eYuU3ewc-ODlB41qG2-2r2Gx7jK7dqnyj-ehDII1wT3jUOYJvELBwcHBymUNMNLhUoXZcZha8gBmoX11n0H1eRWF0co4aw73W?key=AIiHXaskEOw8lfngVI8WlA\" alt=\"\"\/><\/figure>\n<\/div>\n<\/div>\n\n\n\n<p>7-9 punkt<\/p>\n\n\n\n<div class=\"wp-block-columns is-layout-flex wp-container-core-columns-is-layout-28f84493 wp-block-columns-is-layout-flex\">\n<div class=\"wp-block-column is-layout-flow wp-block-column-is-layout-flow\" style=\"flex-basis:100%\">\n<figure class=\"wp-block-image\"><img decoding=\"async\" src=\"https:\/\/lh7-rt.googleusercontent.com\/docsz\/AD_4nXfDDSxX8IlsxAy8vTNEQYu9vwrjXlwGlvcuetxwhCd2ag2RmQ11oy3pWMP4lR5tlb-iBLgY441p5S6j4yOjMmI4DtzpyrlX6Hey7vJIkmG4_tHGyj8_vIrinh74W4GJK52q9KIfpQ?key=AIiHXaskEOw8lfngVI8WlA\" alt=\"\"\/><\/figure>\n<\/div>\n<\/div>\n\n\n\n<div class=\"wp-block-columns is-layout-flex wp-container-core-columns-is-layout-28f84493 wp-block-columns-is-layout-flex\">\n<div class=\"wp-block-column is-layout-flow wp-block-column-is-layout-flow\" style=\"flex-basis:100%\">\n<figure class=\"wp-block-image\"><img decoding=\"async\" src=\"https:\/\/lh7-rt.googleusercontent.com\/docsz\/AD_4nXcglNWN61SKUqw1bhJtbVTbHfPot__79PWPWjLma6QoRWLCPsOTAPE13P3nDXtPA0dohLpTgzScq24rCMpjVJZh12zP2JjiXuGmkDUcf4Au4wT5DdYYdsGGC60SjkBvfr_O3uJZaA?key=AIiHXaskEOw8lfngVI8WlA\" alt=\"\"\/><\/figure>\n<\/div>\n<\/div>\n\n\n\n<div class=\"wp-block-columns is-layout-flex wp-container-core-columns-is-layout-28f84493 wp-block-columns-is-layout-flex\">\n<div class=\"wp-block-column is-layout-flow wp-block-column-is-layout-flow\" style=\"flex-basis:100%\">\n<figure class=\"wp-block-image\"><img decoding=\"async\" src=\"https:\/\/lh7-rt.googleusercontent.com\/docsz\/AD_4nXcs6S4HzaiynY_FcADxNaMdDKXuu1KZ2llZ-DhEYYfZphi-IT66rQ-QZYe_nowBvZbJpl1-DoSOPoGA2rOt_FoGtX4Idnw0G0uTTmQvsTDFFQLt3GkiG2oDc3WdfmXMe4hvHNqGDA?key=AIiHXaskEOw8lfngVI8WlA\" alt=\"\"\/><\/figure>\n<\/div>\n<\/div>\n\n\n\n<div class=\"wp-block-columns is-layout-flex wp-container-core-columns-is-layout-28f84493 wp-block-columns-is-layout-flex\">\n<div class=\"wp-block-column is-layout-flow wp-block-column-is-layout-flow\" style=\"flex-basis:100%\">\n<figure class=\"wp-block-image\"><img decoding=\"async\" src=\"https:\/\/lh7-rt.googleusercontent.com\/docsz\/AD_4nXdCTDAhQy1ejMbuGZThsmzMpgkXT49xWquzwN5GZIXTsWbnthgWw-40OlrjyLk0Qsyec81fVYTssFndJnEYbQ_j3Gv5ZtVYDr93CPFYOC3pS0ko3Kvo5WY0OxwGbyZPBui-ZdeSOg?key=AIiHXaskEOw8lfngVI8WlA\" alt=\"\"\/><\/figure>\n<\/div>\n<\/div>\n\n\n\n<p>Koosta 3 oma p\u00e4ringut, k\u00e4ivita need, selgita ja kopeeri aruanne Wordi.<\/p>\n\n\n\n<div class=\"wp-block-columns is-layout-flex wp-container-core-columns-is-layout-28f84493 wp-block-columns-is-layout-flex\">\n<div class=\"wp-block-column is-layout-flow wp-block-column-is-layout-flow\" style=\"flex-basis:100%\">\n<figure class=\"wp-block-image\"><img decoding=\"async\" src=\"https:\/\/lh7-rt.googleusercontent.com\/docsz\/AD_4nXc91PuR2l5rBYkFslK2QYsdpKl9y07rqLKAY74ViABG13wMjvSZYQAGoawWHd_uik3eKHjnx2y-uatb6HEk2lhMkrDWQkQApVvYxkZOefS6lu0x9wmnIK_RbAnClDwFoO8TrvJ5bQ?key=AIiHXaskEOw8lfngVI8WlA\" alt=\"\"\/><\/figure>\n<\/div>\n<\/div>\n\n\n\n<div class=\"wp-block-columns is-layout-flex wp-container-core-columns-is-layout-28f84493 wp-block-columns-is-layout-flex\">\n<div class=\"wp-block-column is-layout-flow wp-block-column-is-layout-flow\" style=\"flex-basis:100%\">\n<figure class=\"wp-block-image\"><img decoding=\"async\" src=\"https:\/\/lh7-rt.googleusercontent.com\/docsz\/AD_4nXfY9hWpz07PnpYzn8gbiPTCg83y0B3Lcv6ATFmN-LFR7RbLbRAg79_O1lAcNxKM2mBbe2uPL7BwR9NcjrCk4D-v_zAMT9CX2YorIBZiGfymAVQJ_pYUTrtMiZfMEqm-rzfM0sH3vw?key=AIiHXaskEOw8lfngVI8WlA\" alt=\"\"\/><\/figure>\n<\/div>\n<\/div>\n\n\n\n<div class=\"wp-block-columns is-layout-flex wp-container-core-columns-is-layout-28f84493 wp-block-columns-is-layout-flex\">\n<div class=\"wp-block-column is-layout-flow wp-block-column-is-layout-flow\" style=\"flex-basis:100%\">\n<figure class=\"wp-block-image\"><img decoding=\"async\" src=\"https:\/\/lh7-rt.googleusercontent.com\/docsz\/AD_4nXf95Y4TCgRvkEoIqwCgFluVcMenX7XSfL0tp382CKDU6e2ZPnnziicLgpCoOJiEasyJrNKPM-2Rcl12JzN8UuYnkSKLm6IGbC4MuRAC4ySg8bwlY3NgHx2--qZsxwJgk6PTaEsVKA?key=AIiHXaskEOw8lfngVI8WlA\" alt=\"\"\/><\/figure>\n<\/div>\n<\/div>\n\n\n\n<p>selle kolm ridad n\u00e4itab:&nbsp;<\/p>\n\n\n\n<p>1.Kes s\u00fcndis p\u00e4rast 01.01.1990&nbsp;<\/p>\n\n\n\n<p>2.Firmad kellel ei ole praktika&nbsp;<\/p>\n\n\n\n<p>3.Firmad kellel asub Tallinnas<\/p>\n\n\n\n<p><\/p>\n\n\n\n<p>Kasutaja \u2018praktikajuhendaja\u2019<\/p>\n\n\n\n<div class=\"wp-block-columns is-layout-flex wp-container-core-columns-is-layout-28f84493 wp-block-columns-is-layout-flex\">\n<div class=\"wp-block-column is-layout-flow wp-block-column-is-layout-flow\" style=\"flex-basis:100%\">\n<figure class=\"wp-block-image\"><img decoding=\"async\" src=\"https:\/\/lh7-rt.googleusercontent.com\/docsz\/AD_4nXdgoHGgBnQkfoLQtZn4zBopaoTx9ngMLsV-0Y-noSlqTjOvfpR1aCt31WK8bo5d5mFmjrtz9lKcsRmenvIhuXqZL3dAYLDip48sYGi9m_W_ZVizZNPyI40G9uDLDVUksRzCjWLt?key=AIiHXaskEOw8lfngVI8WlA\" alt=\"\"\/><\/figure>\n<\/div>\n<\/div>\n\n\n\n<div class=\"wp-block-columns is-layout-flex wp-container-core-columns-is-layout-28f84493 wp-block-columns-is-layout-flex\">\n<div class=\"wp-block-column is-layout-flow wp-block-column-is-layout-flow\" style=\"flex-basis:100%\">\n<figure class=\"wp-block-image\"><img decoding=\"async\" src=\"https:\/\/lh7-rt.googleusercontent.com\/docsz\/AD_4nXefHo6cR7Xjp8XEcb5v194PUqUq6FHicfgFS90kEolGNfeY8KJfCjBN0ro-zisXeut4NAbRyZDz4AmEHSuhplEWD2pX5PKD01aG2TMIimXQc-kgSNeV1Z-wr_qOjFN-uLGKNXLx1g?key=AIiHXaskEOw8lfngVI8WlA\" alt=\"\"\/><\/figure>\n<\/div>\n<\/div>\n\n\n\n<p>Logid(trigerid loomine)<br><\/p>\n\n\n\n<div class=\"wp-block-columns is-layout-flex wp-container-core-columns-is-layout-28f84493 wp-block-columns-is-layout-flex\">\n<div class=\"wp-block-column is-layout-flow wp-block-column-is-layout-flow\" style=\"flex-basis:100%\">\n<figure class=\"wp-block-image\"><img decoding=\"async\" src=\"https:\/\/lh7-rt.googleusercontent.com\/docsz\/AD_4nXeUiYMzpefyR5f1PWxvwV_YrBZJ2dHhAX0UbY0VhQY254ZKfOEfywkQErjas-yzvqukR_TQ4DNsaKshgywG2fx65PE-w8q1OC2SAKRntHk7SxXna5577yNQV6J255lqxqyUlobeHw?key=AIiHXaskEOw8lfngVI8WlA\" alt=\"\"\/><\/figure>\n<\/div>\n<\/div>\n\n\n\n<div class=\"wp-block-columns is-layout-flex wp-container-core-columns-is-layout-28f84493 wp-block-columns-is-layout-flex\">\n<div class=\"wp-block-column is-layout-flow wp-block-column-is-layout-flow\" style=\"flex-basis:100%\">\n<figure class=\"wp-block-image size-full\"><img loading=\"lazy\" decoding=\"async\" width=\"688\" height=\"744\" src=\"https:\/\/markmaslov23.thkit.ee\/wp\/wp-content\/uploads\/2025\/05\/image-1.png\" alt=\"\" class=\"wp-image-273\" srcset=\"https:\/\/markmaslov23.thkit.ee\/wp\/wp-content\/uploads\/2025\/05\/image-1.png 688w, https:\/\/markmaslov23.thkit.ee\/wp\/wp-content\/uploads\/2025\/05\/image-1-416x450.png 416w, https:\/\/markmaslov23.thkit.ee\/wp\/wp-content\/uploads\/2025\/05\/image-1-277x300.png 277w\" sizes=\"auto, (max-width: 688px) 100vw, 688px\" \/><\/figure>\n<\/div>\n<\/div>\n\n\n\n<div class=\"wp-block-columns is-layout-flex wp-container-core-columns-is-layout-28f84493 wp-block-columns-is-layout-flex\">\n<div class=\"wp-block-column is-layout-flow wp-block-column-is-layout-flow\" style=\"flex-basis:100%\">\n<figure class=\"wp-block-image size-full\"><img loading=\"lazy\" decoding=\"async\" width=\"696\" height=\"743\" src=\"https:\/\/markmaslov23.thkit.ee\/wp\/wp-content\/uploads\/2025\/05\/image-2.png\" alt=\"\" class=\"wp-image-274\" srcset=\"https:\/\/markmaslov23.thkit.ee\/wp\/wp-content\/uploads\/2025\/05\/image-2.png 696w, https:\/\/markmaslov23.thkit.ee\/wp\/wp-content\/uploads\/2025\/05\/image-2-416x444.png 416w, https:\/\/markmaslov23.thkit.ee\/wp\/wp-content\/uploads\/2025\/05\/image-2-281x300.png 281w\" sizes=\"auto, (max-width: 696px) 100vw, 696px\" \/><\/figure>\n<\/div>\n<\/div>\n\n\n\n<p>Triggerite kontrollimine<br><\/p>\n\n\n\n<div class=\"wp-block-columns is-layout-flex wp-container-core-columns-is-layout-28f84493 wp-block-columns-is-layout-flex\">\n<div class=\"wp-block-column is-layout-flow wp-block-column-is-layout-flow\" style=\"flex-basis:100%\">\n<figure class=\"wp-block-image\"><img decoding=\"async\" src=\"https:\/\/lh7-rt.googleusercontent.com\/docsz\/AD_4nXfLn5H4WhkIY7MrqwvYAnW9sAZ5rSzjamr-5eFQppKp6KHZ-0wca19bB6VRCC-YlHRQgYQR8Wo04OZkIXbnwN3iOkCeQY7PBzq2P8uomlVb7YTxFDNtdVAKHtk0LHZlZzyxhZrN?key=AIiHXaskEOw8lfngVI8WlA\" alt=\"\"\/><\/figure>\n<\/div>\n<\/div>\n\n\n\n<div class=\"wp-block-columns is-layout-flex wp-container-core-columns-is-layout-28f84493 wp-block-columns-is-layout-flex\">\n<div class=\"wp-block-column is-layout-flow wp-block-column-is-layout-flow\" style=\"flex-basis:100%\">\n<figure class=\"wp-block-image\"><img decoding=\"async\" src=\"https:\/\/lh7-rt.googleusercontent.com\/docsz\/AD_4nXcUeVEpqGQsUHJFQF-03vmySioKYH-cM620XUOC7aS_ZfT1ppsjjlASNZ2qWGZ4YDhoKdhNfMkELGVwIpHHNAc9WN7FE9YNWltIucAPBRdueEaHDeMd_S5WJszlxoX8KUObkg77QA?key=AIiHXaskEOw8lfngVI8WlA\" alt=\"\"\/><\/figure>\n<\/div>\n<\/div>\n\n\n\n<p><br><br><br>ma tegin selle triger chat gpt abiga, sest ma ei tea kuidas see triger tegema xammpis<br>selle triger vaatab kui \u00f5ige on s\u00fcnniaeg kirjutanud,kui s\u00fcnniaeg kirjutanud valesti, triger kirjutab &#8216;S\u00fcnniaeg ei tohi olla tulevikus&#8217;<img loading=\"lazy\" decoding=\"async\" width=\"602\" height=\"438\" src=\"https:\/\/lh7-rt.googleusercontent.com\/docsz\/AD_4nXfGUYKRsw_yKtDI5iQmtpDD-FUGfkTMy2dKA0WuKAM0Kq0Ct79Mx5ixbvfwOzIlzZ_Tq9vk-9g8ClLUJ_gqhX4r5f05lkgYVkRTxXLhd4dooeLZ54MNZWgnd7TX6Je1vP3wP7bM?key=AIiHXaskEOw8lfngVI8WlA\"><\/p>\n","protected":false},"excerpt":{"rendered":"<p>Tabelid loomine 1-3 punkt 4-6 punkt 7-9 punkt Koosta 3 oma p\u00e4ringut, k\u00e4ivita need, selgita ja kopeeri aruanne Wordi. selle kolm ridad n\u00e4itab:&nbsp; 1.Kes s\u00fcndis p\u00e4rast 01.01.1990&nbsp; 2.Firmad kellel ei ole praktika&nbsp; 3.Firmad kellel asub Tallinnas Kasutaja \u2018praktikajuhendaja\u2019 Logid(trigerid loomine) Triggerite kontrollimine ma tegin selle triger chat gpt abiga, sest ma ei tea kuidas see [&hellip;]<\/p>\n","protected":false},"author":1,"featured_media":0,"parent":0,"menu_order":0,"comment_status":"closed","ping_status":"closed","template":"","meta":{"footnotes":""},"class_list":["post-241","page","type-page","status-publish","hentry"],"_links":{"self":[{"href":"https:\/\/markmaslov23.thkit.ee\/wp\/wp-json\/wp\/v2\/pages\/241","targetHints":{"allow":["GET"]}}],"collection":[{"href":"https:\/\/markmaslov23.thkit.ee\/wp\/wp-json\/wp\/v2\/pages"}],"about":[{"href":"https:\/\/markmaslov23.thkit.ee\/wp\/wp-json\/wp\/v2\/types\/page"}],"author":[{"embeddable":true,"href":"https:\/\/markmaslov23.thkit.ee\/wp\/wp-json\/wp\/v2\/users\/1"}],"replies":[{"embeddable":true,"href":"https:\/\/markmaslov23.thkit.ee\/wp\/wp-json\/wp\/v2\/comments?post=241"}],"version-history":[{"count":3,"href":"https:\/\/markmaslov23.thkit.ee\/wp\/wp-json\/wp\/v2\/pages\/241\/revisions"}],"predecessor-version":[{"id":275,"href":"https:\/\/markmaslov23.thkit.ee\/wp\/wp-json\/wp\/v2\/pages\/241\/revisions\/275"}],"wp:attachment":[{"href":"https:\/\/markmaslov23.thkit.ee\/wp\/wp-json\/wp\/v2\/media?parent=241"}],"curies":[{"name":"wp","href":"https:\/\/api.w.org\/{rel}","templated":true}]}}